{"id":446,"date":"2016-03-09T13:31:58","date_gmt":"2016-03-09T13:31:58","guid":{"rendered":"http:\/\/149.28.205.167\/wps\/monolit\/?page_id=446"},"modified":"2025-07-16T19:33:36","modified_gmt":"2025-07-16T19:33:36","slug":"one-page-slideshow","status":"publish","type":"page","link":"https:\/\/millennial.si\/","title":{"rendered":"Millennial d.o.o. Ljubljana"},"content":{"rendered":"<p>[vc_row full_width=&#8221;stretch_row&#8221; cth_layout=&#8221;monolit_fullheight_sec&#8221; el_id=&#8221;sec1&#8243;][vc_column css=&#8221;.vc_custom_1455730804223{padding-right: 0px !important;padding-left: 0px !important;}&#8221;][monolit_home_slideshow slideimgs=&#8221;719,720,721,954&#8243;][\/monolit_home_slideshow][\/vc_column][\/vc_row][vc_row cth_layout=&#8221;monolit_page_sec&#8221; sec_number=&#8221;01&#8243; el_id=&#8221;sec2&#8243;][vc_column offset=&#8221;vc_col-md-4&#8243;][monolit_carousel_slider_multiimgs loop=&#8221;yes&#8221; autoplay=&#8221;yes&#8221; autoplaytimeout=&#8221;3000&#8243; slideimages=&#8221;976,978,980,982&#8243;][\/vc_column][vc_column offset=&#8221;vc_col-md-8&#8243;][vc_column_text css=&#8221;&#8221;]<\/p>\n<h1 class=\"section-title\">Dobrodo\u0161li, <strong>mi smo MILLENNIAL d.o.o.<\/strong><\/h1>\n<p>Millennial je va\u0161e zaupanja vredno gradbene podjetje, ki zdru\u017euje strast do gradnje z najnovej\u0161imi tehnologijami. Ponujamo celovite gradbene storitve, od temeljev do strehe. Na\u0161a ekipa izku\u0161enih obrtnikov zagotavlja vrhunsko kakovost izvedbe pri vseh vrstah del, od zidarskih in fasaderskih del do klju\u010davni\u010darskih in staklarskih storitev. Z veseljem vam pomagamo tudi pri notranji opremi, slikopleskarskih delih in suhomonta\u017eni gradnji.<\/p>\n<p>Pri Millennialu se zavedamo, da je vsak projekt edinstven. Zato se posvetimo va\u0161im individualnim potrebam in \u017eeljam ter vam zagotovimo re\u0161itve po meri. Na\u0161 cilj je ustvariti prostor, v katerem se boste po\u010dutili udobno in doma\u010de.<\/p>\n<p>Verjamemo v transparentnost in odprto komunikacijo, zato vas skozi celoten proces gradnje obve\u0161\u010damo o napredku del. Zaupajte nam svoje gradbene sanje in skupaj jih bomo uresni\u010dili!<\/p>\n<p>Obi\u0161\u010dite na\u0161o spletno stran in si oglejte na\u0161o galerijo preteklih projektov. Za brezpla\u010den posvet in ponudbo nas kontaktirajte \u0161e danes.<\/p>\n<div class=\"process-box\">\n<h3>Na\u0161 proces<\/h3>\n<ul class=\"creat-list\">\n<li><a href=\"#\">Va\u0161o vizijo<\/a><\/li>\n<li><a href=\"#\">Na\u0161e strokovno znanje<\/a><\/li>\n<li><a href=\"#\">Uspe\u0161na gradnja<\/a><\/li>\n<\/ul>\n<\/div>\n<p><a href=\"https:\/\/millennial.si\/#sec3\"><span class=\"no-rep\">Vidi na\u0161 portfelj<\/span><\/a>[\/vc_column_text][\/vc_column][\/vc_row][vc_row cth_layout=&#8221;monolit_page_dark_sec&#8221; sec_number=&#8221;02&#8243; sec_number_pos=&#8221;left&#8221; css=&#8221;.vc_custom_1750077088106{background-color: #06202D !important;}&#8221;][vc_column][vc_row_inner][vc_column_inner offset=&#8221;vc_col-md-4&#8243;][vc_column_text css=&#8221;&#8221;]<\/p>\n<h2 class=\"section-title\">Dejstva\u00a0<strong> Skratka<\/strong><\/h2>\n<p>[\/vc_column_text][\/vc_column_inner][vc_column_inner offset=&#8221;vc_col-md-8&#8243;][vc_column_text css=&#8221;&#8221;]<\/p>\n<div class=\"vc_row wpb_row vc_inner vc_row-fluid\">\n<div class=\"wpb_column vc_column_container vc_col-sm-12 vc_col-md-8\">\n<div class=\"vc_column-inner\">\n<div class=\"wpb_wrapper\">\n<div class=\"wpb_text_column wpb_content_element\">\n<div class=\"wpb_wrapper\">\n<p class=\"no-rep\">Ekipa Millenniala sestoji iz\u00a0<strong>vrhunskih strokovnjakov<\/strong>\u00a0in in\u017eenirjev, ki zdru\u017eujejo izku\u0161nje in\u00a0<strong>znanja<\/strong> s podro\u010dja gradbeni\u0161tva, inovativnosti ter nenehnega razvoja. Na\u0161i obrtniki so mladi, motivirani in izjemno sposobni, hkrati pa imajo bogate izku\u0161nje s \u0161tevilnimi gradbenimi projekti.<\/p>\n<\/div>\n<\/div>\n<\/div>\n<\/div>\n<\/div>\n<\/div>\n<p>[\/vc_column_text][\/vc_column_inner][\/vc_row_inner][vc_row_inner][vc_column_inner offset=&#8221;vc_col-md-4&#8243;][\/vc_column_inner][vc_column_inner el_class=&#8221;inline-facts-holder row&#8221; offset=&#8221;vc_col-md-8&#8243;][cth_counter number=&#8221;60+&#8221;]<\/p>\n<h6>Zaklju\u010denih projektov<\/h6>\n<p>[\/cth_counter][cth_counter number=&#8221;45+&#8221; parallax_value=&#8221;80&#8243;]<\/p>\n<h6>Zadovoljne stranke<\/h6>\n<p>[\/cth_counter][cth_counter number=&#8221;8+&#8221; parallax_value=&#8221;100&#8243;]<\/p>\n<h6>Leta izku\u0161enj<\/h6>\n<p>[\/cth_counter][\/vc_column_inner][\/vc_row_inner][\/vc_column][\/vc_row][vc_row full_height=&#8221;yes&#8221; equal_height=&#8221;yes&#8221; cth_layout=&#8221;portfolio_style7_wrap&#8221; show_more_info=&#8221;no&#8221; use_as_img=&#8221;yes&#8221; min_height=&#8221;600px&#8221; gallery_images=&#8221;958,957&#8243; css=&#8221;.vc_custom_1752599292040{padding-top: 25px !important;padding-right: 25px !important;padding-bottom: 25px !important;padding-left: 25px !important;}&#8221;][vc_column][vc_images_carousel images=&#8221;982,990&#8243; img_size=&#8221;full&#8221; onclick=&#8221;link_no&#8221; speed=&#8221;4000&#8243; autoplay=&#8221;yes&#8221; partial_view=&#8221;yes&#8221; wrap=&#8221;yes&#8221; css_animation=&#8221;fadeIn&#8221; css=&#8221;&#8221;][\/vc_column][\/vc_row][vc_row cth_layout=&#8221;monolit_page_sec&#8221; sec_number=&#8221;03&#8243; el_id=&#8221;sec3&#8243;][vc_column][vc_column_text css=&#8221;&#8221;]<\/p>\n<div class=\"wpb_text_column wpb_content_element\">\n<div class=\"wpb_wrapper\">\n<h2 class=\"section-title algn-right dec-title\">Na\u0161e\u00a0<strong>predstavljeno<\/strong> delo<\/h2>\n<\/div>\n<\/div>\n<p>[\/vc_column_text][monolit_portfolios_parallax view_all_link=&#8221;https:\/\/millennial.si\/index.php\/portfolio\/&#8221; ids=&#8221;765,763,303,768&#8243;][\/vc_column][\/vc_row][vc_row cth_layout=&#8221;monolit_page_dark_sec&#8221; sec_number=&#8221;04&#8243; sec_number_pos=&#8221;left&#8221; el_id=&#8221;sec4&#8243; css=&#8221;.vc_custom_1750077184551{background-color: #06202D !important;}&#8221;][vc_column][vc_row_inner][vc_column_inner offset=&#8221;vc_col-md-4&#8243;][vc_column_text css=&#8221;&#8221;]<\/p>\n<div class=\"wpb_column vc_column_container vc_col-sm-12 vc_col-md-4\">\n<div class=\"vc_column-inner\">\n<div class=\"wpb_wrapper\">\n<div class=\"wpb_text_column wpb_content_element\">\n<div class=\"wpb_wrapper\">\n<h2 class=\"section-title\">Na\u0161a\u00a0<strong>storitve<\/strong><\/h2>\n<\/div>\n<\/div>\n<\/div>\n<\/div>\n<\/div>\n<p>[\/vc_column_text][\/vc_column_inner][vc_column_inner offset=&#8221;vc_col-md-8&#8243;][vc_column_text css=&#8221;&#8221;]Ekipa Millenniala sestoji iz\u00a0<strong>vrhunskih strokovnjakov<\/strong>\u00a0in\u00a0<strong>in\u017eenirjev<\/strong>, ki zdru\u017eujejo izku\u0161nje in znanja s podro\u010dja gradbeni\u0161tva, inovativnosti ter nenehnega razvoja. Na\u0161i obrtniki so mladi, motivirani in izjemno sposobni, hkrati pa imajo bogate izku\u0161nje s \u0161tevilnimi gradbenimi projekti. Na\u0161 vodilni in\u017eenir, Almir Paji\u0107 je odgovoren za celotno na\u010drtovanje in vodenje gradbenih projektov, kar mu omogo\u010da, da zagotavlja vrhunsko kakovost in u\u010dinkovitost pri vseh fazah gradnje.<\/p>\n<p>-Novogradnja<br \/>\n-Adaptacije<br \/>\n-Klju\u010davni\u010darska in pasarska dela<br \/>\n-Obrtniska dela<br \/>\n-Mansarde<br \/>\n-Obdelava betonov<br \/>\n-Stati\u010dne sanacije<br \/>\n-Krovska dela<br \/>\n-Specijalna gradbena dela<br \/>\n-Svetovanje[\/vc_column_text][\/vc_column_inner][\/vc_row_inner][vc_row_inner][vc_column_inner offset=&#8221;vc_col-md-4&#8243;][\/vc_column_inner][vc_column_inner offset=&#8221;vc_col-md-8&#8243;][monolit_piechart values=&#8221;%5B%7B%22description%22%3A%22%3Ch4%3EGradbeni%C5%A1tvo%3C%2Fh4%3E%22%2C%22value%22%3A%22100%22%2C%22pie_unit%22%3A%22%25%22%2C%22parallax_value%22%3A%220%22%2C%22pie_width%22%3A%22col-md-4%22%7D%2C%7B%22description%22%3A%22%3Ch4%3EInovativnost%3C%2Fh4%3E%22%2C%22value%22%3A%22100%22%2C%22pie_unit%22%3A%22%25%22%2C%22parallax_value%22%3A%2280%22%2C%22pie_width%22%3A%22col-md-4%22%7D%2C%7B%22description%22%3A%22%3Ch4%3ENenehni%20razvoj%3C%2Fh4%3E%22%2C%22value%22%3A%22100%22%2C%22pie_unit%22%3A%22%25%22%2C%22parallax_value%22%3A%22100%22%2C%22pie_width%22%3A%22col-md-4%22%7D%5D&#8221; pie_color=&#8221;rgba(255,255,255,0.31)&#8221; color=&#8221;rgba(255,255,255,0.31)&#8221;][\/vc_column_inner][\/vc_row_inner][\/vc_column][\/vc_row][vc_row cth_layout=&#8221;monolit_page_sec&#8221; sec_number=&#8221;05&#8243; el_id=&#8221;sec6&#8243;][vc_column offset=&#8221;vc_col-md-8&#8243;][vc_column_text css=&#8221;&#8221;]<\/p>\n<h2 class=\"section-title\">KAR <strong>DELAMO<\/strong><\/h2>\n<p>Ekipa Millenniala sestoji iz\u00a0<strong>vrhunskih strokovnjakov<\/strong>\u00a0in\u00a0<strong>in\u017eenirjev<\/strong>, ki zdru\u017eujejo izku\u0161nje in znanja s podro\u010dja gradbeni\u0161tva, inovativnosti ter nenehnega razvoja. Na\u0161i obrtniki so mladi, motivirani in izjemno sposobni, hkrati pa imajo bogate izku\u0161nje s \u0161tevilnimi gradbenimi projekti. Na\u0161 vodilni in\u017eenir, Almir Paji\u0107 je odgovoren za celotno na\u010drtovanje in vodenje gradbenih projektov, kar mu omogo\u010da, da zagotavlja vrhunsko kakovost in u\u010dinkovitost pri vseh fazah gradnje.[\/vc_column_text][\/vc_column][vc_column][monolit_services count=&#8221;10&#8243; order=&#8221;ASC&#8221;][\/vc_column][\/vc_row][vc_row cth_layout=&#8221;monolit_page_dark_sec&#8221; parallax_inner_op=&#8221;0.8&#8243; sec_number=&#8221;06&#8243; sec_number_pos=&#8221;left&#8221; parallax_inner=&#8221;10&#8243;][vc_column][vc_row_inner][vc_column_inner offset=&#8221;vc_col-md-4&#8243;][vc_column_text css=&#8221;&#8221;]<\/p>\n<h2 class=\"section-title\">Na\u0161i\u00a0<strong>poslovni partnerji<\/strong><\/h2>\n<p>[\/vc_column_text][\/vc_column_inner][vc_column_inner offset=&#8221;vc_col-md-8&#8243;][vc_column_text css=&#8221;&#8221;]V Millennial verjamemo v mo\u010d sodelovanja z najbolj\u0161imi. Zato skrbno izbiramo partnerje, s katerimi gradimo zaupanje in dolgoro\u010dne odnose. Na\u0161i dobavitelji so preverjeni strokovnjaki na svojem podro\u010dju, kar zagotavlja vrhunsko kakovost materialov in storitev. Sodelujemo z vodilnimi proizvajalci v Sloveniji in tujini, da bi vam zagotovili najbolj\u0161e re\u0161itve za va\u0161 dom ali poslovni objekt.[\/vc_column_text][\/vc_column_inner][\/vc_row_inner][vc_row_inner][vc_column_inner offset=&#8221;vc_col-md-4&#8243;][\/vc_column_inner][vc_column_inner el_class=&#8221;inline-facts-holder row&#8221; offset=&#8221;vc_col-md-8&#8243;][monolit_our_partners partnerimgs=&#8221;682,683,684,685,686&#8243; parallax_value=&#8221;0&#8243;][\/monolit_our_partners][\/vc_column_inner][\/vc_row_inner][\/vc_column][\/vc_row][vc_row cth_layout=&#8221;monolit_page_sec&#8221; sec_number=&#8221;07&#8243; sec_number_par=&#8221;-200&#8243; el_id=&#8221;sec7&#8243;][vc_column offset=&#8221;vc_col-md-8&#8243;][vc_column_text css=&#8221;&#8221;]<\/p>\n<h2 class=\"section-title\">Kako nas <strong>KONTAKTIRATI<\/strong><\/h2>\n<p>Za vsa vpra\u0161anja, povpra\u0161evanja ali informacije smo vam na voljo.\u00a0 Veselimo se va\u0161ega sporo\u010dila! Kontaktirajte nas preko e-po\u0161te , obi\u0161\u010dite na\u0161e profile na dru\u017ebenih omre\u017ejih, ali nas pokli\u010dite na telefonska \u0161tevilka. Z veseljem vam bomo odgovorili na vsa va\u0161a vpra\u0161anja.[\/vc_column_text][\/vc_column][vc_column][monolit_gmap map_lat=&#8221;46.047787&#8243; map_long=&#8221;14.530505&#8243; map_address=&#8221;Ured v Ljubljani&#8221; map_marker=&#8221;671&#8243;][\/vc_column][vc_column offset=&#8221;vc_col-md-8&#8243;][vc_row_inner css=&#8221;.vc_custom_1456151205880{padding-top: 30px !important;}&#8221;][vc_column_inner offset=&#8221;vc_col-md-4&#8243;][vc_column_text css=&#8221;&#8221;]<\/p>\n<h3 class=\"bold-title\">KONTAKT PODATKI:<\/h3>\n<p>[\/vc_column_text][\/vc_column_inner][vc_column_inner offset=&#8221;vc_col-md-4&#8243;][vc_column_text css=&#8221;&#8221;]<\/p>\n<h4 class=\"contact-details\">Ured v Ljubljani<\/h4>\n<ul class=\"contact-details\">\n<li><a href=\"#\">Hradeckega cesta 76a, Ljubljana 1000<\/a><\/li>\n<li><a href=\"tel:+38640508202\">+386 40 508 202<\/a><\/li>\n<li><a href=\"mailto:millennial.grad@gmail.com\">millennial.grad@gmail.com<\/a><\/li>\n<\/ul>\n<p>[\/vc_column_text][\/vc_column_inner][vc_column_inner offset=&#8221;vc_col-md-4&#8243;][vc_column_text css=&#8221;&#8221;]<\/p>\n<h4 class=\"contact-details\">Dru\u0161tvene mre\u017ee<\/h4>\n<ul class=\"contact-details\">\n<li><a href=\"https:\/\/www.facebook.com\/profile.php?id=61567634767613\" target=\"_blank\" rel=\"noopener\">Facebook<\/a><\/li>\n<li><a href=\"https:\/\/www.instagram.com\/millennial_ljubljana\/\" target=\"_blank\" rel=\"noopener\">Instagram<\/a><\/li>\n<li>LinkedIn<\/li>\n<\/ul>\n<p>[\/vc_column_text][\/vc_column_inner][\/vc_row_inner][vc_row_inner][vc_column_inner]\n<div class=\"wpcf7 no-js\" id=\"wpcf7-f663-o1\" lang=\"en-US\" dir=\"ltr\" data-wpcf7-id=\"663\">\n<div class=\"screen-reader-response\"><p role=\"status\" aria-live=\"polite\" aria-atomic=\"true\"><\/p> <ul><\/ul><\/div>\n<form action=\"\/index.php\/wp-json\/wp\/v2\/pages\/446#wpcf7-f663-o1\" method=\"post\" class=\"wpcf7-form init\" aria-label=\"Contact form\" novalidate=\"novalidate\" data-status=\"init\">\n<fieldset class=\"hidden-fields-container\"><input type=\"hidden\" name=\"_wpcf7\" value=\"663\" \/><input type=\"hidden\" name=\"_wpcf7_version\" value=\"6.1\" \/><input type=\"hidden\" name=\"_wpcf7_locale\" value=\"en_US\" \/><input type=\"hidden\" name=\"_wpcf7_unit_tag\" value=\"wpcf7-f663-o1\" \/><input type=\"hidden\" name=\"_wpcf7_container_post\" value=\"0\" \/><input type=\"hidden\" name=\"_wpcf7_posted_data_hash\" value=\"\" \/>\n<\/fieldset>\n<div class=\"contact-form-holder\">\n\t<div id=\"contact-form\">\n\t\t<p><span class=\"wpcf7-form-control-wrap\" data-name=\"your-name\"><input size=\"40\" maxlength=\"400\" class=\"wpcf7-form-control wpcf7-text wpcf7-validates-as-required\" aria-required=\"true\" aria-invalid=\"false\" placeholder=\"Ime\" value=\"\" type=\"text\" name=\"your-name\" \/><\/span><br \/>\n<span class=\"wpcf7-form-control-wrap\" data-name=\"your-email\"><input size=\"40\" maxlength=\"400\" class=\"wpcf7-form-control wpcf7-email wpcf7-validates-as-required wpcf7-text wpcf7-validates-as-email\" aria-required=\"true\" aria-invalid=\"false\" placeholder=\"E-mail\" value=\"\" type=\"email\" name=\"your-email\" \/><\/span><br \/>\n<span class=\"wpcf7-form-control-wrap\" data-name=\"your-message\"><textarea cols=\"40\" rows=\"10\" maxlength=\"2000\" class=\"wpcf7-form-control wpcf7-textarea wpcf7-validates-as-required\" aria-required=\"true\" aria-invalid=\"false\" placeholder=\"Sporo\u010dilo\" name=\"your-message\"><\/textarea><\/span><br \/>\n<input class=\"wpcf7-form-control wpcf7-submit has-spinner\" id=\"submit\" type=\"submit\" value=\"Poslati\" \/>\n\t\t<\/p>\n\t<\/div>\n<\/div>\n<div class=\"clearfix\">\n<\/div><div class=\"wpcf7-response-output\" aria-hidden=\"true\"><\/div>\n<\/form>\n<\/div>\n[\/vc_column_inner][\/vc_row_inner][\/vc_column][\/vc_row]<\/p>\n","protected":false},"excerpt":{"rendered":"<p>[vc_row full_width=&#8221;stretch_row&#8221; cth_layout=&#8221;monolit_fullheight_sec&#8221; el_id=&#8221;sec1&#8243;][vc_column css=&#8221;.vc_custom_1455730804223{padding-right: 0px !important;padding-left: 0px !important;}&#8221;][monolit_home_slideshow slideimgs=&#8221;719,720,721,954&#8243;][\/monolit_home_slideshow][\/vc_column][\/vc_row][vc_row cth_layout=&#8221;monolit_page_sec&#8221; sec_number=&#8221;01&#8243; el_id=&#8221;sec2&#8243;][vc_column offset=&#8221;vc_col-md-4&#8243;][monolit_carousel_slider_multiimgs loop=&#8221;yes&#8221; autoplay=&#8221;yes&#8221; autoplaytimeout=&#8221;3000&#8243; slideimages=&#8221;976,978,980,982&#8243;][\/vc_column][vc_column offset=&#8221;vc_col-md-8&#8243;][vc_column_text css=&#8221;&#8221;] Dobrodo\u0161li, mi smo MILLENNIAL d.o.o. Millennial je va\u0161e zaupanja vredno gradbene podjetje, ki zdru\u017euje strast do gradnje z najnovej\u0161imi tehnologijami. Ponujamo celovite gradbene storitve, od temeljev do strehe. Na\u0161a ekipa izku\u0161enih obrtnikov zagotavlja vrhunsko kakovost [&hellip;]<\/p>\n","protected":false},"author":1,"featured_media":0,"parent":0,"menu_order":0,"comment_status":"closed","ping_status":"closed","template":"homepage-onepage.php","meta":{"_monsterinsights_skip_tracking":false,"_monsterinsights_sitenote_active":false,"_monsterinsights_sitenote_note":"","_monsterinsights_sitenote_category":0,"footnotes":""},"class_list":["post-446","page","type-page","status-publish","hentry"],"aioseo_notices":[],"_links":{"self":[{"href":"https:\/\/millennial.si\/index.php\/wp-json\/wp\/v2\/pages\/446","targetHints":{"allow":["GET"]}}],"collection":[{"href":"https:\/\/millennial.si\/index.php\/wp-json\/wp\/v2\/pages"}],"about":[{"href":"https:\/\/millennial.si\/index.php\/wp-json\/wp\/v2\/types\/page"}],"author":[{"embeddable":true,"href":"https:\/\/millennial.si\/index.php\/wp-json\/wp\/v2\/users\/1"}],"replies":[{"embeddable":true,"href":"https:\/\/millennial.si\/index.php\/wp-json\/wp\/v2\/comments?post=446"}],"version-history":[{"count":60,"href":"https:\/\/millennial.si\/index.php\/wp-json\/wp\/v2\/pages\/446\/revisions"}],"predecessor-version":[{"id":1003,"href":"https:\/\/millennial.si\/index.php\/wp-json\/wp\/v2\/pages\/446\/revisions\/1003"}],"wp:attachment":[{"href":"https:\/\/millennial.si\/index.php\/wp-json\/wp\/v2\/media?parent=446"}],"curies":[{"name":"wp","href":"https:\/\/api.w.org\/{rel}","templated":true}]}}